{"id":5106,"date":"2021-10-30T08:38:44","date_gmt":"2021-10-30T08:38:44","guid":{"rendered":"https:\/\/casasolo.es\/politica-de-privacitat\/"},"modified":"2022-09-09T15:18:47","modified_gmt":"2022-09-09T15:18:47","slug":"politica-de-privacitat","status":"publish","type":"page","link":"https:\/\/casasolo.es\/ca\/politica-de-privacitat\/","title":{"rendered":"Pol\u00edtica de Privacitat"},"content":{"rendered":"\t\t<div data-elementor-type=\"wp-page\" data-elementor-id=\"5106\" class=\"elementor elementor-5106 elementor-52\" data-elementor-post-type=\"page\">\n\t\t\t\t\t\t<section class=\"elementor-section elementor-top-section elementor-element elementor-element-89e07c1 elementor-section-boxed elementor-section-height-default elementor-section-height-default\" data-id=\"89e07c1\" data-element_type=\"section\" data-settings=\"{&quot;background_motion_fx_mouseTrack_effect&quot;:&quot;yes&quot;,&quot;background_motion_fx_mouseTrack_speed&quot;:{&quot;unit&quot;:&quot;px&quot;,&quot;size&quot;:1,&quot;sizes&quot;:[]}}\">\n\t\t\t\t\t\t<div class=\"elementor-container elementor-column-gap-default\">\n\t\t\t\t\t<div class=\"elementor-column elementor-col-50 elementor-top-column elementor-element elementor-element-c05d76b elementor-invisible\" data-id=\"c05d76b\" data-element_type=\"column\" data-settings=\"{&quot;animation&quot;:&quot;fadeIn&quot;}\">\n\t\t\t<div class=\"elementor-widget-wrap elementor-element-populated\">\n\t\t\t\t\t\t<div class=\"elementor-element elementor-element-924c95b elementor-widget elementor-widget-heading\" data-id=\"924c95b\" data-element_type=\"widget\" data-settings=\"{&quot;_animation&quot;:&quot;none&quot;,&quot;sticky&quot;:&quot;top&quot;,&quot;sticky_on&quot;:[&quot;desktop&quot;,&quot;tablet&quot;],&quot;sticky_offset&quot;:20,&quot;sticky_effects_offset&quot;:0,&quot;sticky_anchor_link_offset&quot;:0}\" data-widget_type=\"heading.default\">\n\t\t\t\t<div class=\"elementor-widget-container\">\n\t\t\t\t\t<h2 class=\"elementor-heading-title elementor-size-default\">POL\u00cdTICA DE PRIVACITAT<\/h2>\t\t\t\t<\/div>\n\t\t\t\t<\/div>\n\t\t\t\t\t<\/div>\n\t\t<\/div>\n\t\t\t\t<div class=\"elementor-column elementor-col-50 elementor-top-column elementor-element elementor-element-bae4360\" data-id=\"bae4360\" data-element_type=\"column\">\n\t\t\t<div class=\"elementor-widget-wrap elementor-element-populated\">\n\t\t\t\t\t\t<div class=\"elementor-element elementor-element-abfe4b2 elementor-invisible elementor-widget elementor-widget-text-editor\" data-id=\"abfe4b2\" data-element_type=\"widget\" data-settings=\"{&quot;_animation&quot;:&quot;fadeIn&quot;}\" data-widget_type=\"text-editor.default\">\n\t\t\t\t<div class=\"elementor-widget-container\">\n\t\t\t\t\t\t\t\t\t<p><strong>1. INFORMACI\u00d3 A L\u2019USUARI<\/strong><\/p><p><strong>CASA SOLO ARQUITECTOS SLP<\/strong>, d\u2019ara endavant RESPONSABLE, \u00e9s el Responsable del tractament de les dades personals de l\u2019Usuari i l\u2019informa que aquestes dades seran tractades de conformitat amb all\u00f2 disposat a les normatives vigents en protecci\u00f3 de dades personals, el Reglament (UE) 2016\/679 de 27 d\u2019abril de 2016 (GDPR) relatiu a la protecci\u00f3 de les persones f\u00edsiques pel que fa al tractament de dades personals i a la lliure circulaci\u00f3 d\u2019aquestes dades, de manera que se li facilita la seg\u00fcent informaci\u00f3 del tractament:<\/p><p><strong>Finalitat del tractament:<\/strong> mantenir una relaci\u00f3 comercial amb l\u2019Usuari. Les operacions previstes per realitzar el tractament s\u00f3n:<\/p><ul><li>Remissi\u00f3 de comunicacions comercials publicit\u00e0ries per e-mail, fax, SMS, MMS, comunitats socials o qualsevol altre mitj\u00e0 electr\u00f2nic o f\u00edsic, present o futur, que possibiliti realitzar comunicacions comercials, sempre que hagi estat autoritzades pr\u00e8viament. Aquestes comunicacions seran realitzades pel RESPONSABLE i relacionades sobre els seus productes i serveis, o dels seus col\u00b7laboradors o prove\u00efdors amb els quals aquest hagi arribat a algun acord de promoci\u00f3. En aquest cas, els tercers mai tindran acc\u00e9s a les dades personals.<\/li><li>Realitzar estudis estad\u00edstics.<\/li><li>Tramitar enc\u00e0rrecs de peticions o qualsevol tipus de petici\u00f3 que sigui realitzada per l\u2019usuari a trav\u00e9s de qualsevol de les formes de contacte que es posen a la seva disposici\u00f3.<\/li><li>Remetre el butllet\u00ed de not\u00edcies de la p\u00e0gina web.<\/li><\/ul><p> <\/p><p><strong>Criteris de conservaci\u00f3 de les dades:<\/strong> es conservaran mentre hi hagi un inter\u00e8s mutu per mantenir la finalitat del tractament i quan ja no sigui necessari per a tal fi, es suprimiran amb mesures de seguretat adequades per garantir la seudonimitzaci\u00f3 de les dades o la destrucci\u00f3 total dels mateixos.<\/p><p><strong>Comunicaci\u00f3 de les dades:<\/strong> No es comunicaran les dades a tercers, excepte per obligaci\u00f3 legal.<\/p><p><strong>Drets que assisteixen a l\u2019Usuari:<\/strong><\/p><ul><li>Dret a retirar el consentiment en qualsevol moment.<\/li><li>Dret d\u2019acc\u00e9s, rectificaci\u00f3, portabilitat i supressi\u00f3 de les seves dades i de la limitaci\u00f3 o oposici\u00f3 al seu tractament.<\/li><li>Dret a presentar una reclamaci\u00f3 davant l\u2019autoritat de control (www.aepd.es.)<br>si considera que el tractament no s\u2019ajusta a la normativa vigent.<\/li><\/ul><p><strong>Dades de contacte per exercir els seus drets:<\/strong><br>CASA SOLO ARQUITECTOS SLP<br>Adre\u00e7a postal: Passeig Cordelles, 16 3r 2a \u2013 08290 Cerdanyola del Vall\u00e8s (BARCELONA)<br>Correu electr\u00f2nic: mail@casasolo.es<\/p><p> <\/p><p><strong>2. CAR\u00c0CTER OBLIGATORI O FACULTATIU DE LA INFORMACI\u00d3 FACILITADA PER L\u2019USUARI<\/strong><\/p><p>Els Usuaris, mitjan\u00e7ant la marcaci\u00f3 de les caselles corresponents i entrada de dades en els camps, marcats amb un asterisc (*) en el formulari de contacte o presentats en formularis de desc\u00e0rrega, accepten expressament i de forma lliure i inequ\u00edvoca, que les seves dades s\u00f3n necess\u00e0ries per a atendre la seva petici\u00f3, per part del prestador, sent volunt\u00e0ria la inclusi\u00f3 de dades en els camps restants. L\u2019Usuari garanteix que les dades personals facilitades al RESPONSABLE s\u00f3n veraces i es fa responsable de comunicar qualsevol modificaci\u00f3 de les mateixes.<\/p><p>El RESPONSABLE informa i garanteix expressament als usuaris que les seves dades personals no seran cedides en cap cas a tercers, i que sempre que realitz\u00e9s algun tipus de cessi\u00f3 de dades personals, es demanar\u00e0 pr\u00e8viament el consentiment expr\u00e9s, informat i inequ\u00edvoc per part dels Usuaris. Totes les dades sol\u2022licitades a trav\u00e9s del lloc web s\u00f3n obligat\u00f2ries, ja que s\u00f3n necess\u00e0ries per a la prestaci\u00f3 d\u2019un servei \u00f2ptim a l\u2019usuari. En cas que no siguin facilitades totes les dades, no es garanteix que la informaci\u00f3 i els serveis facilitats siguin completament ajustats a les seves necessitats.<\/p><p> <\/p><p><strong>3. MESURES DE SEGURETAT<\/strong><\/p><p>Que de conformitat amb el que disposen les normatives vigents en protecci\u00f3 de dades personals, el RESPONSABLE est\u00e0 complint amb totes les disposicions de les normatives GDPR per al tractament de les dades personals de la seva responsabilitat, i manifestament amb els principis descrits en l\u2019article 5 del GDPR, pels quals s\u00f3n tractats de manera l\u00edcita, lleial i transparent en relaci\u00f3 amb l\u2019interessat i adequades, pertinents i limitats al que \u00e9s necessari en relaci\u00f3 amb els fins per als que s\u00f3n tractats.<\/p><p>El RESPONSABLE garanteix que ha implementat pol\u00edtiques t\u00e8cniques i organitzatives apropiades per aplicar les mesures de seguretat que estableixen el GDPR per tal de protegir els drets i llibertats dels usuaris i els ha comunicat la informaci\u00f3 adequada perqu\u00e8 puguin exercir-los.<\/p>\t\t\t\t\t\t\t\t<\/div>\n\t\t\t\t<\/div>\n\t\t\t\t\t<\/div>\n\t\t<\/div>\n\t\t\t\t\t<\/div>\n\t\t<\/section>\n\t\t\t\t<\/div>\n\t\t","protected":false},"excerpt":{"rendered":"<p>POL\u00cdTICA DE PRIVACITAT 1. INFORMACI\u00d3 A L\u2019USUARI CASA SOLO ARQUITECTOS SLP, d\u2019ara endavant RESPONSABLE, \u00e9s el Responsable del tractament de les dades personals de l\u2019Usuari i l\u2019informa que aquestes dades seran tractades de conformitat amb all\u00f2 disposat a les normatives vigents en protecci\u00f3 de dades personals, el Reglament (UE) 2016\/679 de 27 d\u2019abril de 2016 [&hellip;]<\/p>\n","protected":false},"author":1,"featured_media":0,"parent":0,"menu_order":20,"comment_status":"closed","ping_status":"closed","template":"","meta":{"_acf_changed":false,"inline_featured_image":false,"footnotes":""},"class_list":["post-5106","page","type-page","status-publish","hentry"],"acf":[],"yoast_head":"<!-- This site is optimized with the Yoast SEO plugin v26.0 - https:\/\/yoast.com\/wordpress\/plugins\/seo\/ -->\n<title>Pol\u00edtica de Privacitat - CASA SOLO arquitectos<\/title>\n<meta name=\"robots\" content=\"index, follow, max-snippet:-1, max-image-preview:large, max-video-preview:-1\" \/>\n<link rel=\"canonical\" href=\"https:\/\/casasolo.es\/ca\/politica-de-privacitat\/\" \/>\n<meta property=\"og:locale\" content=\"ca_ES\" \/>\n<meta property=\"og:type\" content=\"article\" \/>\n<meta property=\"og:title\" content=\"Pol\u00edtica de Privacitat - CASA SOLO arquitectos\" \/>\n<meta property=\"og:description\" content=\"POL\u00cdTICA DE PRIVACITAT 1. INFORMACI\u00d3 A L\u2019USUARI CASA SOLO ARQUITECTOS SLP, d\u2019ara endavant RESPONSABLE, \u00e9s el Responsable del tractament de les dades personals de l\u2019Usuari i l\u2019informa que aquestes dades seran tractades de conformitat amb all\u00f2 disposat a les normatives vigents en protecci\u00f3 de dades personals, el Reglament (UE) 2016\/679 de 27 d\u2019abril de 2016 [&hellip;]\" \/>\n<meta property=\"og:url\" content=\"https:\/\/casasolo.es\/ca\/politica-de-privacitat\/\" \/>\n<meta property=\"og:site_name\" content=\"CASA SOLO arquitectos\" \/>\n<meta property=\"article:modified_time\" content=\"2022-09-09T15:18:47+00:00\" \/>\n<meta name=\"twitter:card\" content=\"summary_large_image\" \/>\n<meta name=\"twitter:label1\" content=\"Temps estimat de lectura\" \/>\n\t<meta name=\"twitter:data1\" content=\"4 minuts\" \/>\n<script type=\"application\/ld+json\" class=\"yoast-schema-graph\">{\"@context\":\"https:\/\/schema.org\",\"@graph\":[{\"@type\":\"WebPage\",\"@id\":\"https:\/\/casasolo.es\/ca\/politica-de-privacitat\/\",\"url\":\"https:\/\/casasolo.es\/ca\/politica-de-privacitat\/\",\"name\":\"Pol\u00edtica de Privacitat - CASA SOLO arquitectos\",\"isPartOf\":{\"@id\":\"https:\/\/casasolo.es\/ca\/#website\"},\"datePublished\":\"2021-10-30T08:38:44+00:00\",\"dateModified\":\"2022-09-09T15:18:47+00:00\",\"breadcrumb\":{\"@id\":\"https:\/\/casasolo.es\/ca\/politica-de-privacitat\/#breadcrumb\"},\"inLanguage\":\"ca\",\"potentialAction\":[{\"@type\":\"ReadAction\",\"target\":[\"https:\/\/casasolo.es\/ca\/politica-de-privacitat\/\"]}]},{\"@type\":\"BreadcrumbList\",\"@id\":\"https:\/\/casasolo.es\/ca\/politica-de-privacitat\/#breadcrumb\",\"itemListElement\":[{\"@type\":\"ListItem\",\"position\":1,\"name\":\"Portada\",\"item\":\"https:\/\/casasolo.es\/ca\/home\/\"},{\"@type\":\"ListItem\",\"position\":2,\"name\":\"Pol\u00edtica de Privacitat\"}]},{\"@type\":\"WebSite\",\"@id\":\"https:\/\/casasolo.es\/ca\/#website\",\"url\":\"https:\/\/casasolo.es\/ca\/\",\"name\":\"CASA SOLO arquitectos\",\"description\":\"\",\"publisher\":{\"@id\":\"https:\/\/casasolo.es\/ca\/#organization\"},\"potentialAction\":[{\"@type\":\"SearchAction\",\"target\":{\"@type\":\"EntryPoint\",\"urlTemplate\":\"https:\/\/casasolo.es\/ca\/?s={search_term_string}\"},\"query-input\":{\"@type\":\"PropertyValueSpecification\",\"valueRequired\":true,\"valueName\":\"search_term_string\"}}],\"inLanguage\":\"ca\"},{\"@type\":\"Organization\",\"@id\":\"https:\/\/casasolo.es\/ca\/#organization\",\"name\":\"CASA SOLO arquitectos\",\"url\":\"https:\/\/casasolo.es\/ca\/\",\"logo\":{\"@type\":\"ImageObject\",\"inLanguage\":\"ca\",\"@id\":\"https:\/\/casasolo.es\/ca\/#\/schema\/logo\/image\/\",\"url\":\"https:\/\/casasolo.es\/wp-content\/uploads\/2021\/10\/casasolo-logo.svg\",\"contentUrl\":\"https:\/\/casasolo.es\/wp-content\/uploads\/2021\/10\/casasolo-logo.svg\",\"caption\":\"CASA SOLO arquitectos\"},\"image\":{\"@id\":\"https:\/\/casasolo.es\/ca\/#\/schema\/logo\/image\/\"}}]}<\/script>\n<!-- \/ Yoast SEO plugin. -->","yoast_head_json":{"title":"Pol\u00edtica de Privacitat - CASA SOLO arquitectos","robots":{"index":"index","follow":"follow","max-snippet":"max-snippet:-1","max-image-preview":"max-image-preview:large","max-video-preview":"max-video-preview:-1"},"canonical":"https:\/\/casasolo.es\/ca\/politica-de-privacitat\/","og_locale":"ca_ES","og_type":"article","og_title":"Pol\u00edtica de Privacitat - CASA SOLO arquitectos","og_description":"POL\u00cdTICA DE PRIVACITAT 1. INFORMACI\u00d3 A L\u2019USUARI CASA SOLO ARQUITECTOS SLP, d\u2019ara endavant RESPONSABLE, \u00e9s el Responsable del tractament de les dades personals de l\u2019Usuari i l\u2019informa que aquestes dades seran tractades de conformitat amb all\u00f2 disposat a les normatives vigents en protecci\u00f3 de dades personals, el Reglament (UE) 2016\/679 de 27 d\u2019abril de 2016 [&hellip;]","og_url":"https:\/\/casasolo.es\/ca\/politica-de-privacitat\/","og_site_name":"CASA SOLO arquitectos","article_modified_time":"2022-09-09T15:18:47+00:00","twitter_card":"summary_large_image","twitter_misc":{"Temps estimat de lectura":"4 minuts"},"schema":{"@context":"https:\/\/schema.org","@graph":[{"@type":"WebPage","@id":"https:\/\/casasolo.es\/ca\/politica-de-privacitat\/","url":"https:\/\/casasolo.es\/ca\/politica-de-privacitat\/","name":"Pol\u00edtica de Privacitat - CASA SOLO arquitectos","isPartOf":{"@id":"https:\/\/casasolo.es\/ca\/#website"},"datePublished":"2021-10-30T08:38:44+00:00","dateModified":"2022-09-09T15:18:47+00:00","breadcrumb":{"@id":"https:\/\/casasolo.es\/ca\/politica-de-privacitat\/#breadcrumb"},"inLanguage":"ca","potentialAction":[{"@type":"ReadAction","target":["https:\/\/casasolo.es\/ca\/politica-de-privacitat\/"]}]},{"@type":"BreadcrumbList","@id":"https:\/\/casasolo.es\/ca\/politica-de-privacitat\/#breadcrumb","itemListElement":[{"@type":"ListItem","position":1,"name":"Portada","item":"https:\/\/casasolo.es\/ca\/home\/"},{"@type":"ListItem","position":2,"name":"Pol\u00edtica de Privacitat"}]},{"@type":"WebSite","@id":"https:\/\/casasolo.es\/ca\/#website","url":"https:\/\/casasolo.es\/ca\/","name":"CASA SOLO arquitectos","description":"","publisher":{"@id":"https:\/\/casasolo.es\/ca\/#organization"},"potentialAction":[{"@type":"SearchAction","target":{"@type":"EntryPoint","urlTemplate":"https:\/\/casasolo.es\/ca\/?s={search_term_string}"},"query-input":{"@type":"PropertyValueSpecification","valueRequired":true,"valueName":"search_term_string"}}],"inLanguage":"ca"},{"@type":"Organization","@id":"https:\/\/casasolo.es\/ca\/#organization","name":"CASA SOLO arquitectos","url":"https:\/\/casasolo.es\/ca\/","logo":{"@type":"ImageObject","inLanguage":"ca","@id":"https:\/\/casasolo.es\/ca\/#\/schema\/logo\/image\/","url":"https:\/\/casasolo.es\/wp-content\/uploads\/2021\/10\/casasolo-logo.svg","contentUrl":"https:\/\/casasolo.es\/wp-content\/uploads\/2021\/10\/casasolo-logo.svg","caption":"CASA SOLO arquitectos"},"image":{"@id":"https:\/\/casasolo.es\/ca\/#\/schema\/logo\/image\/"}}]}},"_links":{"self":[{"href":"https:\/\/casasolo.es\/ca\/wp-json\/wp\/v2\/pages\/5106","targetHints":{"allow":["GET"]}}],"collection":[{"href":"https:\/\/casasolo.es\/ca\/wp-json\/wp\/v2\/pages"}],"about":[{"href":"https:\/\/casasolo.es\/ca\/wp-json\/wp\/v2\/types\/page"}],"author":[{"embeddable":true,"href":"https:\/\/casasolo.es\/ca\/wp-json\/wp\/v2\/users\/1"}],"replies":[{"embeddable":true,"href":"https:\/\/casasolo.es\/ca\/wp-json\/wp\/v2\/comments?post=5106"}],"version-history":[{"count":0,"href":"https:\/\/casasolo.es\/ca\/wp-json\/wp\/v2\/pages\/5106\/revisions"}],"wp:attachment":[{"href":"https:\/\/casasolo.es\/ca\/wp-json\/wp\/v2\/media?parent=5106"}],"curies":[{"name":"wp","href":"https:\/\/api.w.org\/{rel}","templated":true}]}}