{"id":4611,"date":"2022-02-09T12:18:51","date_gmt":"2022-02-09T12:18:51","guid":{"rendered":"http:\/\/casasolo.es\/serveis\/"},"modified":"2022-09-09T08:46:18","modified_gmt":"2022-09-09T08:46:18","slug":"serveis","status":"publish","type":"page","link":"https:\/\/casasolo.es\/ca\/serveis\/","title":{"rendered":"Serveis"},"content":{"rendered":"\t\t<div data-elementor-type=\"wp-page\" data-elementor-id=\"4611\" class=\"elementor elementor-4611 elementor-2366\" data-elementor-post-type=\"page\">\n\t\t\t\t\t\t<section class=\"elementor-section elementor-top-section elementor-element elementor-element-5c5bc74 elementor-section-full_width elementor-section-height-default elementor-section-height-default elementor-invisible\" data-id=\"5c5bc74\" data-element_type=\"section\" data-settings=\"{&quot;animation&quot;:&quot;fadeIn&quot;}\">\n\t\t\t\t\t\t<div class=\"elementor-container elementor-column-gap-default\">\n\t\t\t\t\t<div class=\"elementor-column elementor-col-100 elementor-top-column elementor-element elementor-element-48fe4a8\" data-id=\"48fe4a8\" data-element_type=\"column\">\n\t\t\t<div class=\"elementor-widget-wrap elementor-element-populated\">\n\t\t\t\t\t\t<div class=\"elementor-element elementor-element-63bcd8e elementor-widget elementor-widget-image\" data-id=\"63bcd8e\" data-element_type=\"widget\" data-widget_type=\"image.default\">\n\t\t\t\t<div class=\"elementor-widget-container\">\n\t\t\t\t\t\t\t\t\t\t\t\t\t\t\t<img fetchpriority=\"high\" decoding=\"async\" width=\"2500\" height=\"654\" src=\"https:\/\/casasolo.es\/wp-content\/uploads\/2022\/09\/Servicios.png\" class=\"attachment-full size-full wp-image-4895\" alt=\"\" srcset=\"https:\/\/casasolo.es\/wp-content\/uploads\/2022\/09\/Servicios.png 2500w, https:\/\/casasolo.es\/wp-content\/uploads\/2022\/09\/Servicios-300x78.png 300w, https:\/\/casasolo.es\/wp-content\/uploads\/2022\/09\/Servicios-1024x268.png 1024w, https:\/\/casasolo.es\/wp-content\/uploads\/2022\/09\/Servicios-768x201.png 768w, https:\/\/casasolo.es\/wp-content\/uploads\/2022\/09\/Servicios-1536x402.png 1536w, https:\/\/casasolo.es\/wp-content\/uploads\/2022\/09\/Servicios-2048x536.png 2048w\" sizes=\"(max-width: 2500px) 100vw, 2500px\" \/>\t\t\t\t\t\t\t\t\t\t\t\t\t\t\t<\/div>\n\t\t\t\t<\/div>\n\t\t\t\t\t<\/div>\n\t\t<\/div>\n\t\t\t\t\t<\/div>\n\t\t<\/section>\n\t\t\t\t<section class=\"elementor-section elementor-top-section elementor-element elementor-element-8fd6038 elementor-section-content-middle elementor-section-boxed elementor-section-height-default elementor-section-height-default elementor-invisible\" data-id=\"8fd6038\" data-element_type=\"section\" data-settings=\"{&quot;background_background&quot;:&quot;classic&quot;,&quot;animation&quot;:&quot;fadeInUp&quot;}\">\n\t\t\t\t\t\t<div class=\"elementor-container elementor-column-gap-no\">\n\t\t\t\t\t<div class=\"elementor-column elementor-col-100 elementor-top-column elementor-element elementor-element-49a4486\" data-id=\"49a4486\" data-element_type=\"column\">\n\t\t\t<div class=\"elementor-widget-wrap elementor-element-populated\">\n\t\t\t\t\t\t<div class=\"elementor-element elementor-element-0b787c0 animated-slow elementor-invisible elementor-widget elementor-widget-heading\" data-id=\"0b787c0\" data-element_type=\"widget\" data-settings=\"{&quot;_animation&quot;:&quot;fadeIn&quot;}\" data-widget_type=\"heading.default\">\n\t\t\t\t<div class=\"elementor-widget-container\">\n\t\t\t\t\t<h2 class=\"elementor-heading-title elementor-size-default\">Serveis<\/h2>\t\t\t\t<\/div>\n\t\t\t\t<\/div>\n\t\t\t\t<div class=\"elementor-element elementor-element-8a4b629 elementor-widget elementor-widget-text-editor\" data-id=\"8a4b629\" data-element_type=\"widget\" data-widget_type=\"text-editor.default\">\n\t\t\t\t<div class=\"elementor-widget-container\">\n\t\t\t\t\t\t\t\t\t<p class=\"p1\">La nostra organitzaci\u00f3 flexible ens permet dur a terme enc\u00e0rrecs de tota mena, des de Plans Directors fins a la gesti\u00f3 integrada de projectes i construcci\u00f3.<span class=\"Apple-converted-space\"> <\/span><\/p><p class=\"p1\">L\u00b4abast dels serveis pot ser tan ampli com ho exigeixin les necessitats del client, obtenint sempre un producte complet que pot comprendre des dels estudis inicials fins a la posada en marxa d\u00b4un nou edifici, o d\u00b4una fase de rehabilitaci\u00f3 d\u00b4un edifici existent.<\/p>\t\t\t\t\t\t\t\t<\/div>\n\t\t\t\t<\/div>\n\t\t\t\t<section class=\"elementor-section elementor-inner-section elementor-element elementor-element-f5c6ae6 elementor-section-boxed elementor-section-height-default elementor-section-height-default\" data-id=\"f5c6ae6\" data-element_type=\"section\">\n\t\t\t\t\t\t<div class=\"elementor-container elementor-column-gap-default\">\n\t\t\t\t\t<div class=\"elementor-column elementor-col-100 elementor-inner-column elementor-element elementor-element-63938a3\" data-id=\"63938a3\" data-element_type=\"column\">\n\t\t\t<div class=\"elementor-widget-wrap elementor-element-populated\">\n\t\t\t\t\t\t<div class=\"elementor-element elementor-element-7e27dbd elementor-widget elementor-widget-heading\" data-id=\"7e27dbd\" data-element_type=\"widget\" data-widget_type=\"heading.default\">\n\t\t\t\t<div class=\"elementor-widget-container\">\n\t\t\t\t\t<h2 class=\"elementor-heading-title elementor-size-default\">Treballem per a clients p\u00fablics i privats<br>en projectes hospitalaris a tot el m\u00f3n<\/h2>\t\t\t\t<\/div>\n\t\t\t\t<\/div>\n\t\t\t\t\t<\/div>\n\t\t<\/div>\n\t\t\t\t\t<\/div>\n\t\t<\/section>\n\t\t\t\t<section class=\"elementor-section elementor-inner-section elementor-element elementor-element-0d8c9f4 elementor-section-full_width elementor-section-height-default elementor-section-height-default\" data-id=\"0d8c9f4\" data-element_type=\"section\">\n\t\t\t\t\t\t<div class=\"elementor-container elementor-column-gap-default\">\n\t\t\t\t\t<div class=\"elementor-column elementor-col-33 elementor-inner-column elementor-element elementor-element-2ceb3bb\" data-id=\"2ceb3bb\" data-element_type=\"column\">\n\t\t\t<div class=\"elementor-widget-wrap elementor-element-populated\">\n\t\t\t\t\t\t<div class=\"elementor-element elementor-element-563a5e4 elementor-widget elementor-widget-image\" data-id=\"563a5e4\" data-element_type=\"widget\" data-widget_type=\"image.default\">\n\t\t\t\t<div class=\"elementor-widget-container\">\n\t\t\t\t\t\t\t\t\t\t\t\t\t\t\t<img decoding=\"async\" width=\"363\" height=\"286\" src=\"https:\/\/casasolo.es\/wp-content\/uploads\/2022\/04\/proyectos.png\" class=\"attachment-large size-large wp-image-4203\" alt=\"\" srcset=\"https:\/\/casasolo.es\/wp-content\/uploads\/2022\/04\/proyectos.png 363w, https:\/\/casasolo.es\/wp-content\/uploads\/2022\/04\/proyectos-300x236.png 300w\" sizes=\"(max-width: 363px) 100vw, 363px\" \/>\t\t\t\t\t\t\t\t\t\t\t\t\t\t\t<\/div>\n\t\t\t\t<\/div>\n\t\t\t\t<div class=\"elementor-element elementor-element-fd59698 elementor-widget elementor-widget-heading\" data-id=\"fd59698\" data-element_type=\"widget\" data-widget_type=\"heading.default\">\n\t\t\t\t<div class=\"elementor-widget-container\">\n\t\t\t\t\t<h3 class=\"elementor-heading-title elementor-size-default\">DISSENY DE PROJECTES<\/h3>\t\t\t\t<\/div>\n\t\t\t\t<\/div>\n\t\t\t\t<div class=\"elementor-element elementor-element-d104e66 elementor-widget elementor-widget-text-editor\" data-id=\"d104e66\" data-element_type=\"widget\" data-widget_type=\"text-editor.default\">\n\t\t\t\t<div class=\"elementor-widget-container\">\n\t\t\t\t\t\t\t\t\t<p class=\"p1\">CASA SOLO t\u00e9 una \u00e0mplia traject\u00f2ria tant a obra nova com a la rehabilitaci\u00f3, reforma, modernitzaci\u00f3 o ampliaci\u00f3 del parc d&#8217;hospitals existents.<span class=\"Apple-converted-space\"> <\/span><\/p><p class=\"p1\">En el cas d&#8217;intervencions en centres en funcionament, a la complexitat funcional i t\u00e8cnica, s&#8217;hi afegeix la necessitat de mantenir la infraestructura i les seves instal\u00b7lacions en \u00fas durant l&#8217;execuci\u00f3 de les obres.<\/p>\t\t\t\t\t\t\t\t<\/div>\n\t\t\t\t<\/div>\n\t\t\t\t\t<\/div>\n\t\t<\/div>\n\t\t\t\t<div class=\"elementor-column elementor-col-33 elementor-inner-column elementor-element elementor-element-8c3b7cb\" data-id=\"8c3b7cb\" data-element_type=\"column\">\n\t\t\t<div class=\"elementor-widget-wrap elementor-element-populated\">\n\t\t\t\t\t\t<div class=\"elementor-element elementor-element-12b0814 elementor-widget elementor-widget-image\" data-id=\"12b0814\" data-element_type=\"widget\" data-widget_type=\"image.default\">\n\t\t\t\t<div class=\"elementor-widget-container\">\n\t\t\t\t\t\t\t\t\t\t\t\t\t\t\t<img decoding=\"async\" width=\"363\" height=\"316\" src=\"https:\/\/casasolo.es\/wp-content\/uploads\/2022\/04\/obra.png\" class=\"attachment-large size-large wp-image-4199\" alt=\"\" srcset=\"https:\/\/casasolo.es\/wp-content\/uploads\/2022\/04\/obra.png 363w, https:\/\/casasolo.es\/wp-content\/uploads\/2022\/04\/obra-300x261.png 300w\" sizes=\"(max-width: 363px) 100vw, 363px\" \/>\t\t\t\t\t\t\t\t\t\t\t\t\t\t\t<\/div>\n\t\t\t\t<\/div>\n\t\t\t\t<div class=\"elementor-element elementor-element-5b23689 elementor-widget elementor-widget-heading\" data-id=\"5b23689\" data-element_type=\"widget\" data-widget_type=\"heading.default\">\n\t\t\t\t<div class=\"elementor-widget-container\">\n\t\t\t\t\t<h3 class=\"elementor-heading-title elementor-size-default\">PLANS DIRECTORS<\/h3>\t\t\t\t<\/div>\n\t\t\t\t<\/div>\n\t\t\t\t<div class=\"elementor-element elementor-element-a32300e elementor-widget elementor-widget-text-editor\" data-id=\"a32300e\" data-element_type=\"widget\" data-widget_type=\"text-editor.default\">\n\t\t\t\t<div class=\"elementor-widget-container\">\n\t\t\t\t\t\t\t\t\t<p class=\"p1\">Els Plans Directors s\u00f3n una eina fonamental per mantenir els centres hospitalaris existents al front del panorama sanitari actual i futur, a nivell d\u2019innovaci\u00f3 i excel\u00b7l\u00e8ncia en l\u2019assist\u00e8ncia.<span class=\"Apple-converted-space\"> <\/span><\/p><p class=\"p2\">Per abordar els canvis, \u00e9s imprescindible una visi\u00f3 i planificaci\u00f3 \u00e0mplia que respongui a un escenari de futur en qu\u00e8 es tinguin en compte tots els actors i factors de canvi.<span class=\"Apple-converted-space\"> <\/span><\/p>\t\t\t\t\t\t\t\t<\/div>\n\t\t\t\t<\/div>\n\t\t\t\t\t<\/div>\n\t\t<\/div>\n\t\t\t\t<div class=\"elementor-column elementor-col-33 elementor-inner-column elementor-element elementor-element-7eb699b\" data-id=\"7eb699b\" data-element_type=\"column\">\n\t\t\t<div class=\"elementor-widget-wrap elementor-element-populated\">\n\t\t\t\t\t\t<div class=\"elementor-element elementor-element-3dd1bf6 elementor-widget elementor-widget-image\" data-id=\"3dd1bf6\" data-element_type=\"widget\" data-widget_type=\"image.default\">\n\t\t\t\t<div class=\"elementor-widget-container\">\n\t\t\t\t\t\t\t\t\t\t\t\t\t\t\t<img loading=\"lazy\" decoding=\"async\" width=\"283\" height=\"291\" src=\"https:\/\/casasolo.es\/wp-content\/uploads\/2022\/04\/planos.png\" class=\"attachment-large size-large wp-image-4201\" alt=\"\" \/>\t\t\t\t\t\t\t\t\t\t\t\t\t\t\t<\/div>\n\t\t\t\t<\/div>\n\t\t\t\t<div class=\"elementor-element elementor-element-16109a8 elementor-widget elementor-widget-heading\" data-id=\"16109a8\" data-element_type=\"widget\" data-widget_type=\"heading.default\">\n\t\t\t\t<div class=\"elementor-widget-container\">\n\t\t\t\t\t<h3 class=\"elementor-heading-title elementor-size-default\">DIRECCI\u00d3 D\u2019OBRA<\/h3>\t\t\t\t<\/div>\n\t\t\t\t<\/div>\n\t\t\t\t<div class=\"elementor-element elementor-element-7b41812 elementor-widget elementor-widget-text-editor\" data-id=\"7b41812\" data-element_type=\"widget\" data-widget_type=\"text-editor.default\">\n\t\t\t\t<div class=\"elementor-widget-container\">\n\t\t\t\t\t\t\t\t\t<p class=\"p1\">La Direcci\u00f3 d&#8217;Obra \u00e9s fonamental per assegurar que l&#8217;execuci\u00f3 aconsegueixi assolir la m\u00e0xima qualitat constructiva, dins dels terminis i els costos previstos en projecte.<\/p><p class=\"p1\">CASA SOLO ent\u00e9n que la bona arquitectura no ha de ser m\u00e9s cara, nom\u00e9s requereix m\u00e9s atenci\u00f3 i riquesa d\u2019aportaci\u00f3 d\u2019idees per part de tots els agents que han d\u2019intervenir en el proc\u00e9s de disseny i planificaci\u00f3.<\/p>\t\t\t\t\t\t\t\t<\/div>\n\t\t\t\t<\/div>\n\t\t\t\t\t<\/div>\n\t\t<\/div>\n\t\t\t\t\t<\/div>\n\t\t<\/section>\n\t\t\t\t\t<\/div>\n\t\t<\/div>\n\t\t\t\t\t<\/div>\n\t\t<\/section>\n\t\t\t\t<section class=\"elementor-section elementor-top-section elementor-element elementor-element-dee861d elementor-section-content-middle elementor-section-boxed elementor-section-height-default elementor-section-height-default elementor-invisible\" data-id=\"dee861d\" data-element_type=\"section\" data-settings=\"{&quot;background_background&quot;:&quot;classic&quot;,&quot;animation&quot;:&quot;fadeIn&quot;}\">\n\t\t\t\t\t\t<div class=\"elementor-container elementor-column-gap-no\">\n\t\t\t\t\t<div class=\"elementor-column elementor-col-50 elementor-top-column elementor-element elementor-element-b2e613b\" data-id=\"b2e613b\" data-element_type=\"column\">\n\t\t\t<div class=\"elementor-widget-wrap elementor-element-populated\">\n\t\t\t\t\t\t<div class=\"elementor-element elementor-element-add1858 elementor-align-justify elementor-widget elementor-widget-button\" data-id=\"add1858\" data-element_type=\"widget\" data-widget_type=\"button.default\">\n\t\t\t\t<div class=\"elementor-widget-container\">\n\t\t\t\t\t\t\t\t\t<div class=\"elementor-button-wrapper\">\n\t\t\t\t\t<a class=\"elementor-button elementor-button-link elementor-size-sm\" href=\"http:\/\/casasolo.es\/age-friendly\/\">\n\t\t\t\t\t\t<span class=\"elementor-button-content-wrapper\">\n\t\t\t\t\t\t\t\t\t<span class=\"elementor-button-text\">AGE-FRIENDLY<\/span>\n\t\t\t\t\t<\/span>\n\t\t\t\t\t<\/a>\n\t\t\t\t<\/div>\n\t\t\t\t\t\t\t\t<\/div>\n\t\t\t\t<\/div>\n\t\t\t\t\t<\/div>\n\t\t<\/div>\n\t\t\t\t<div class=\"elementor-column elementor-col-50 elementor-top-column elementor-element elementor-element-9ee3cb0\" data-id=\"9ee3cb0\" data-element_type=\"column\">\n\t\t\t<div class=\"elementor-widget-wrap elementor-element-populated\">\n\t\t\t\t\t\t<div class=\"elementor-element elementor-element-6d1e72b elementor-align-justify elementor-widget elementor-widget-button\" data-id=\"6d1e72b\" data-element_type=\"widget\" data-widget_type=\"button.default\">\n\t\t\t\t<div class=\"elementor-widget-container\">\n\t\t\t\t\t\t\t\t\t<div class=\"elementor-button-wrapper\">\n\t\t\t\t\t<a class=\"elementor-button elementor-button-link elementor-size-sm\" href=\"http:\/\/casasolo.es\/casa-solo\/\">\n\t\t\t\t\t\t<span class=\"elementor-button-content-wrapper\">\n\t\t\t\t\t\t\t\t\t<span class=\"elementor-button-text\">ESTUDI<\/span>\n\t\t\t\t\t<\/span>\n\t\t\t\t\t<\/a>\n\t\t\t\t<\/div>\n\t\t\t\t\t\t\t\t<\/div>\n\t\t\t\t<\/div>\n\t\t\t\t\t<\/div>\n\t\t<\/div>\n\t\t\t\t\t<\/div>\n\t\t<\/section>\n\t\t\t\t<\/div>\n\t\t","protected":false},"excerpt":{"rendered":"<p>Serveis La nostra organitzaci\u00f3 flexible ens permet dur a terme enc\u00e0rrecs de tota mena, des de Plans Directors fins a la gesti\u00f3 integrada de projectes i construcci\u00f3. L\u00b4abast dels serveis pot ser tan ampli com ho exigeixin les necessitats del client, obtenint sempre un producte complet que pot comprendre des dels estudis inicials fins a [&hellip;]<\/p>\n","protected":false},"author":1,"featured_media":0,"parent":0,"menu_order":5,"comment_status":"closed","ping_status":"closed","template":"","meta":{"_acf_changed":false,"inline_featured_image":false,"footnotes":""},"class_list":["post-4611","page","type-page","status-publish","hentry"],"acf":[],"yoast_head":"<!-- This site is optimized with the Yoast SEO plugin v26.0 - https:\/\/yoast.com\/wordpress\/plugins\/seo\/ -->\n<title>Serveis - CASA SOLO arquitectos<\/title>\n<meta name=\"robots\" content=\"index, follow, max-snippet:-1, max-image-preview:large, max-video-preview:-1\" \/>\n<link rel=\"canonical\" href=\"https:\/\/casasolo.es\/ca\/serveis\/\" \/>\n<meta property=\"og:locale\" content=\"ca_ES\" \/>\n<meta property=\"og:type\" content=\"article\" \/>\n<meta property=\"og:title\" content=\"Serveis - CASA SOLO arquitectos\" \/>\n<meta property=\"og:description\" content=\"Serveis La nostra organitzaci\u00f3 flexible ens permet dur a terme enc\u00e0rrecs de tota mena, des de Plans Directors fins a la gesti\u00f3 integrada de projectes i construcci\u00f3. L\u00b4abast dels serveis pot ser tan ampli com ho exigeixin les necessitats del client, obtenint sempre un producte complet que pot comprendre des dels estudis inicials fins a [&hellip;]\" \/>\n<meta property=\"og:url\" content=\"https:\/\/casasolo.es\/ca\/serveis\/\" \/>\n<meta property=\"og:site_name\" content=\"CASA SOLO arquitectos\" \/>\n<meta property=\"article:modified_time\" content=\"2022-09-09T08:46:18+00:00\" \/>\n<meta property=\"og:image\" content=\"https:\/\/casasolo.es\/wp-content\/uploads\/2022\/09\/Servicios.png\" \/>\n<meta name=\"twitter:card\" content=\"summary_large_image\" \/>\n<meta name=\"twitter:label1\" content=\"Temps estimat de lectura\" \/>\n\t<meta name=\"twitter:data1\" content=\"1 minut\" \/>\n<script type=\"application\/ld+json\" class=\"yoast-schema-graph\">{\"@context\":\"https:\/\/schema.org\",\"@graph\":[{\"@type\":\"WebPage\",\"@id\":\"https:\/\/casasolo.es\/ca\/serveis\/\",\"url\":\"https:\/\/casasolo.es\/ca\/serveis\/\",\"name\":\"Serveis - CASA SOLO arquitectos\",\"isPartOf\":{\"@id\":\"https:\/\/casasolo.es\/ca\/#website\"},\"primaryImageOfPage\":{\"@id\":\"https:\/\/casasolo.es\/ca\/serveis\/#primaryimage\"},\"image\":{\"@id\":\"https:\/\/casasolo.es\/ca\/serveis\/#primaryimage\"},\"thumbnailUrl\":\"https:\/\/casasolo.es\/wp-content\/uploads\/2022\/09\/Servicios.png\",\"datePublished\":\"2022-02-09T12:18:51+00:00\",\"dateModified\":\"2022-09-09T08:46:18+00:00\",\"breadcrumb\":{\"@id\":\"https:\/\/casasolo.es\/ca\/serveis\/#breadcrumb\"},\"inLanguage\":\"ca\",\"potentialAction\":[{\"@type\":\"ReadAction\",\"target\":[\"https:\/\/casasolo.es\/ca\/serveis\/\"]}]},{\"@type\":\"ImageObject\",\"inLanguage\":\"ca\",\"@id\":\"https:\/\/casasolo.es\/ca\/serveis\/#primaryimage\",\"url\":\"https:\/\/casasolo.es\/wp-content\/uploads\/2022\/09\/Servicios.png\",\"contentUrl\":\"https:\/\/casasolo.es\/wp-content\/uploads\/2022\/09\/Servicios.png\"},{\"@type\":\"BreadcrumbList\",\"@id\":\"https:\/\/casasolo.es\/ca\/serveis\/#breadcrumb\",\"itemListElement\":[{\"@type\":\"ListItem\",\"position\":1,\"name\":\"Portada\",\"item\":\"https:\/\/casasolo.es\/ca\/home\/\"},{\"@type\":\"ListItem\",\"position\":2,\"name\":\"Serveis\"}]},{\"@type\":\"WebSite\",\"@id\":\"https:\/\/casasolo.es\/ca\/#website\",\"url\":\"https:\/\/casasolo.es\/ca\/\",\"name\":\"CASA SOLO arquitectos\",\"description\":\"\",\"publisher\":{\"@id\":\"https:\/\/casasolo.es\/ca\/#organization\"},\"potentialAction\":[{\"@type\":\"SearchAction\",\"target\":{\"@type\":\"EntryPoint\",\"urlTemplate\":\"https:\/\/casasolo.es\/ca\/?s={search_term_string}\"},\"query-input\":{\"@type\":\"PropertyValueSpecification\",\"valueRequired\":true,\"valueName\":\"search_term_string\"}}],\"inLanguage\":\"ca\"},{\"@type\":\"Organization\",\"@id\":\"https:\/\/casasolo.es\/ca\/#organization\",\"name\":\"CASA SOLO arquitectos\",\"url\":\"https:\/\/casasolo.es\/ca\/\",\"logo\":{\"@type\":\"ImageObject\",\"inLanguage\":\"ca\",\"@id\":\"https:\/\/casasolo.es\/ca\/#\/schema\/logo\/image\/\",\"url\":\"https:\/\/casasolo.es\/wp-content\/uploads\/2021\/10\/casasolo-logo.svg\",\"contentUrl\":\"https:\/\/casasolo.es\/wp-content\/uploads\/2021\/10\/casasolo-logo.svg\",\"caption\":\"CASA SOLO arquitectos\"},\"image\":{\"@id\":\"https:\/\/casasolo.es\/ca\/#\/schema\/logo\/image\/\"}}]}<\/script>\n<!-- \/ Yoast SEO plugin. -->","yoast_head_json":{"title":"Serveis - CASA SOLO arquitectos","robots":{"index":"index","follow":"follow","max-snippet":"max-snippet:-1","max-image-preview":"max-image-preview:large","max-video-preview":"max-video-preview:-1"},"canonical":"https:\/\/casasolo.es\/ca\/serveis\/","og_locale":"ca_ES","og_type":"article","og_title":"Serveis - CASA SOLO arquitectos","og_description":"Serveis La nostra organitzaci\u00f3 flexible ens permet dur a terme enc\u00e0rrecs de tota mena, des de Plans Directors fins a la gesti\u00f3 integrada de projectes i construcci\u00f3. L\u00b4abast dels serveis pot ser tan ampli com ho exigeixin les necessitats del client, obtenint sempre un producte complet que pot comprendre des dels estudis inicials fins a [&hellip;]","og_url":"https:\/\/casasolo.es\/ca\/serveis\/","og_site_name":"CASA SOLO arquitectos","article_modified_time":"2022-09-09T08:46:18+00:00","og_image":[{"url":"https:\/\/casasolo.es\/wp-content\/uploads\/2022\/09\/Servicios.png","type":"","width":"","height":""}],"twitter_card":"summary_large_image","twitter_misc":{"Temps estimat de lectura":"1 minut"},"schema":{"@context":"https:\/\/schema.org","@graph":[{"@type":"WebPage","@id":"https:\/\/casasolo.es\/ca\/serveis\/","url":"https:\/\/casasolo.es\/ca\/serveis\/","name":"Serveis - CASA SOLO arquitectos","isPartOf":{"@id":"https:\/\/casasolo.es\/ca\/#website"},"primaryImageOfPage":{"@id":"https:\/\/casasolo.es\/ca\/serveis\/#primaryimage"},"image":{"@id":"https:\/\/casasolo.es\/ca\/serveis\/#primaryimage"},"thumbnailUrl":"https:\/\/casasolo.es\/wp-content\/uploads\/2022\/09\/Servicios.png","datePublished":"2022-02-09T12:18:51+00:00","dateModified":"2022-09-09T08:46:18+00:00","breadcrumb":{"@id":"https:\/\/casasolo.es\/ca\/serveis\/#breadcrumb"},"inLanguage":"ca","potentialAction":[{"@type":"ReadAction","target":["https:\/\/casasolo.es\/ca\/serveis\/"]}]},{"@type":"ImageObject","inLanguage":"ca","@id":"https:\/\/casasolo.es\/ca\/serveis\/#primaryimage","url":"https:\/\/casasolo.es\/wp-content\/uploads\/2022\/09\/Servicios.png","contentUrl":"https:\/\/casasolo.es\/wp-content\/uploads\/2022\/09\/Servicios.png"},{"@type":"BreadcrumbList","@id":"https:\/\/casasolo.es\/ca\/serveis\/#breadcrumb","itemListElement":[{"@type":"ListItem","position":1,"name":"Portada","item":"https:\/\/casasolo.es\/ca\/home\/"},{"@type":"ListItem","position":2,"name":"Serveis"}]},{"@type":"WebSite","@id":"https:\/\/casasolo.es\/ca\/#website","url":"https:\/\/casasolo.es\/ca\/","name":"CASA SOLO arquitectos","description":"","publisher":{"@id":"https:\/\/casasolo.es\/ca\/#organization"},"potentialAction":[{"@type":"SearchAction","target":{"@type":"EntryPoint","urlTemplate":"https:\/\/casasolo.es\/ca\/?s={search_term_string}"},"query-input":{"@type":"PropertyValueSpecification","valueRequired":true,"valueName":"search_term_string"}}],"inLanguage":"ca"},{"@type":"Organization","@id":"https:\/\/casasolo.es\/ca\/#organization","name":"CASA SOLO arquitectos","url":"https:\/\/casasolo.es\/ca\/","logo":{"@type":"ImageObject","inLanguage":"ca","@id":"https:\/\/casasolo.es\/ca\/#\/schema\/logo\/image\/","url":"https:\/\/casasolo.es\/wp-content\/uploads\/2021\/10\/casasolo-logo.svg","contentUrl":"https:\/\/casasolo.es\/wp-content\/uploads\/2021\/10\/casasolo-logo.svg","caption":"CASA SOLO arquitectos"},"image":{"@id":"https:\/\/casasolo.es\/ca\/#\/schema\/logo\/image\/"}}]}},"_links":{"self":[{"href":"https:\/\/casasolo.es\/ca\/wp-json\/wp\/v2\/pages\/4611","targetHints":{"allow":["GET"]}}],"collection":[{"href":"https:\/\/casasolo.es\/ca\/wp-json\/wp\/v2\/pages"}],"about":[{"href":"https:\/\/casasolo.es\/ca\/wp-json\/wp\/v2\/types\/page"}],"author":[{"embeddable":true,"href":"https:\/\/casasolo.es\/ca\/wp-json\/wp\/v2\/users\/1"}],"replies":[{"embeddable":true,"href":"https:\/\/casasolo.es\/ca\/wp-json\/wp\/v2\/comments?post=4611"}],"version-history":[{"count":0,"href":"https:\/\/casasolo.es\/ca\/wp-json\/wp\/v2\/pages\/4611\/revisions"}],"wp:attachment":[{"href":"https:\/\/casasolo.es\/ca\/wp-json\/wp\/v2\/media?parent=4611"}],"curies":[{"name":"wp","href":"https:\/\/api.w.org\/{rel}","templated":true}]}}